{"id":236,"date":"2018-08-27T18:43:03","date_gmt":"2018-08-27T17:43:03","guid":{"rendered":"http:\/\/miroslavkukral.cz\/?page_id=236"},"modified":"2024-10-09T18:25:19","modified_gmt":"2024-10-09T17:25:19","slug":"reference","status":"publish","type":"page","link":"http:\/\/www.miroslavkukral.cz\/en\/reference\/","title":{"rendered":"reference"},"content":{"rendered":"<p><section class=\"ffb-id-2ostuhsr fg-section fg-text-dark\"><div class=\"fg-container container fg-container-medium fg-container-lvl--1\"><div class=\"fg-row row\" ><div class=\"ffb-id-2osu1m65 fg-col col-xs-12 col-md-2 fg-text-dark\"><img loading=\"lazy\" decoding=\"async\" class=\"ffb-id-2osu1ou7 fg-image  img-responsive fg-text-dark\" width=\"159\" height=\"159\" src=\"http:\/\/www.miroslavkukral.cz\/wp-content\/uploads\/2019\/01\/157225f.jpg\" alt=\"157225f\"><\/div><\/div><\/div><\/section><style>.ffb-id-2ostuhsr{ padding-top: 50px;padding-bottom: 50px;}@media (min-width:768px) { .ffb-id-2ostuhsr{ padding-top: 50px;padding-bottom: 50px;}}@media (min-width:992px) { .ffb-id-2ostuhsr{ padding-top: 50px;padding-bottom: 50px;}}@media (min-width:1200px) { .ffb-id-2ostuhsr{ padding-top: 50px;padding-bottom: 50px;}}<\/style><script type=\"text\/javascript\"><\/script><section class=\"ffb-id-2ossog7r fg-section fg-text-dark\"><div class=\"fg-container container fg-container-medium fg-container-lvl--1\"><div class=\"fg-row row\" ><div class=\"ffb-id-2ossog7s fg-col col-xs-12 col-md-12 fg-text-dark\"><div class=\"ffb-id-pk3copb fg-paragraph ff-richtext text-center    fg-text-dark\"><\/p>\n<p style=\"text-align: left\">Ing. arch. Miroslav Kukr&aacute;l<br \/>architektura, design, storytelling<\/p>\n<p style=\"text-align: left\">&nbsp;<\/p>\n<p style=\"text-align: left\">kukral@post.cz<br \/>t 731 435 113<\/p>\n<p style=\"text-align: left\">&nbsp;<\/p>\n<p><\/div><div class=\"ffb-id-81rri6nr fg-paragraph ff-richtext text-left text-sm-left text-md-left text-lg-left fg-text-dark\"><\/p>\n<p>Vzd\u011bl&aacute;n&iacute;:<\/p>\n<p>2005 - 2007 Bakal&aacute;\u0159sk&eacute; studium - Fakulta architektury \u010cVUT, Praha<br \/>2007 - 2014 Magistersk&eacute; studium - Fakulta um\u011bn&iacute; a architektury TUL, Liberec<\/p>\n<p>&nbsp;<\/p>\n<p><strong>Odborn&eacute; \u010dl&aacute;nky:<\/strong><\/p>\n<p>&bdquo;Fotogrammetrie jako optim&aacute;ln&iacute; technika pro 3D digitalizaci v muzejn&iacute;ch instituc&iacute;ch&ldquo;, Ji\u0159&iacute; Frank, Josef Kortan, Miroslav Kukr&aacute;l, Vojt\u011bch Leischner, Luk&aacute;&scaron; Men&scaron;&iacute;k, Paul Safko, David Sedl&aacute;\u010dek, Eleon&oacute;ra Stankov&aacute;, DOI10.37520\/mmvp.2021.002<\/p>\n<p>&nbsp;<\/p>\n<p><strong>Muzejn&iacute; pr&aacute;ce:<\/strong><\/p>\n<p>\u010cerven 2021 &ndash; prosinec 2021 : V\u011bdecko-v&yacute;zkumn&yacute; pracovn&iacute;k ( KA 4 v&nbsp;projektu SMART technologie pro zvy&scaron;ov&aacute;n&iacute; kvality \u017eivota ve m\u011bstech a regionech), Ostravsk&aacute; univerzita<\/p>\n<p>\u0158&iacute;jen 2020 &ndash; prosinec 2022 : V&yacute;zkumn&yacute; a v&yacute;vojov&yacute; pracovn&iacute;k ( SVN7 &ndash; poradce pro AR a interaktivn&iacute; instalace),NAKI, N&aacute;rodn&iacute; muzeum, Praha<\/p>\n<p>&nbsp;<\/p>\n<p>2011 - V&yacute;stava Zden\u011bk Fr&aacute;nek: &Uacute;troby architektury, kur&aacute;tor Rostislav Kory\u010d&aacute;nek, D\u016fm um\u011bn&iacute; m\u011bsta Brna<br \/>- n&aacute;vrh, p\u0159&iacute;prava a v&yacute;roba expon&aacute;t\u016f, v&yacute;roba AV obsah\u016f, koordinace instalace<\/p>\n<p>2014 - V&yacute;stava Pol&scaron;t&aacute;\u0159ov&yacute; d\u016fm, kur&aacute;tor: Jakub Pot\u016f\u010dek, Veletr\u017en&iacute; pal&aacute;c Praha<br \/>- n&aacute;vrh, p\u0159&iacute;prava a v&yacute;roba expon&aacute;t\u016f, v&yacute;roba AV obsah\u016f<\/p>\n<p>2015 - Instalace Zem\u011b fantazie, kur&aacute;tor: Ji\u0159&iacute; Potu\u017en&iacute;k, \u010cesk&yacute; pavilon Expo Milano<br \/>- n&aacute;vrh konceptu, p\u0159&iacute;prava a v&yacute;roba expon&aacute;t\u016f, v&yacute;roba AV obsah\u016f<\/p>\n<p>2015 - Instalace Laborato\u0159 ticha, kur&aacute;tor: Ji\u0159&iacute; Potu\u017en&iacute;k, \u010cesk&yacute; pavilon Expo Milano<br \/>&nbsp;- v&yacute;roba expon&aacute;t\u016f<\/p>\n<p>2015 - Instalace Pohybliv&aacute; p\u0159&iacute;\u010dka, kur&aacute;tor: Ji\u0159&iacute; Potu\u017en&iacute;k, \u010cesk&yacute; pavilon Expo Milano<br \/>- n&aacute;vrh konceptu, p\u0159&iacute;prava a v&yacute;roba expon&aacute;t\u016f, v&yacute;roba AV obsahu<\/p>\n<p>2016 - V&yacute;stava Zden\u011bk Fr&aacute;nek : M&iacute;ra a m\u011b\u0159&iacute;tko, kur&aacute;tor: Dan Merta, Galerie Jaroslava Fr&aacute;gnera<br \/>- p\u0159&iacute;prava expon&aacute;t\u016f, v&yacute;roba AV obsahu<\/p>\n<p>2016 - V&yacute;stava Po sto letech : Plavebn&iacute; stupe\u0148 D\u011b\u010d&iacute;n, kur&aacute;tor: Dan Adam, Cargo gallery<br \/>- n&aacute;vrh konceptu, p\u0159&iacute;prava a v&yacute;roba expon&aacute;t\u016f, v&yacute;roba AV obsah\u016f<\/p>\n<p>2017 - V&yacute;stava Ohro\u017een&eacute; pam&aacute;tky Mosulu, kur&aacute;tor: Tereza Kopeck&aacute;, Knihovna Akademie v\u011bd Praha<br \/>- p\u0159&iacute;prava a v&yacute;roba expon&aacute;t\u016f, v&yacute;roba AV obsahu<\/p>\n<p>2017 - V&yacute;stava Ad Infinitum, kur&aacute;tor: Tereza Kopeck&aacute;, Knihovna Akademie v\u011bd Praha<br \/>- p\u0159&iacute;prava a v&yacute;roba expon&aacute;t\u016f<\/p>\n<p>2017 - V&yacute;stava Kuk - n&aacute;stroje pozn&aacute;n&iacute;, kur&aacute;tor: Tereza Kopeck&aacute;, Knihovna Akademie v\u011bd Praha<br \/>- p\u0159&iacute;prava a v&yacute;roba expon&aacute;t\u016f, digit&aacute;ln&iacute;ho obsahu<\/p>\n<p>2019 - Expozice Biodiverzity, kur&aacute;tor: Bohdan Soukup, Vod&aacute;rensk&aacute; v\u011b\u017e Kladno<br \/>- p\u0159&iacute;prava a v&yacute;roba expon&aacute;t\u016f, digit&aacute;ln&iacute;ho obsahu, game design<\/p>\n<p>2019 - V&yacute;stava Zden\u011bk Fr&aacute;nek : Mental Relief, kur&aacute;tor: Michal &Scaron;koda, D\u016fm um\u011bn&iacute;<br \/>-p\u0159&iacute;prava expon&aacute;t\u016f, digit&aacute;ln&iacute;ho obsahu<\/p>\n<p>2020 - Expozice Vodovodov, kur&aacute;tor: Veronika Bergrov&aacute;, Objekt &uacute;pravny vody Hradec Kr&aacute;lov&eacute;<br \/>-n&aacute;vrh, p\u0159&iacute;prava a v&yacute;roba expon&aacute;t\u016f, digit&aacute;ln&iacute;ho obsahu<\/p>\n<p>2021 - Interaktivn&iacute; prvek Expozice tepl&aacute;renstv&iacute;, Altern&aacute;tor T\u0159eb&iacute;\u010d<br \/>-n&aacute;vrh interakce, game design<\/p>\n<p>2021 - AV \u0159e&scaron;en&iacute; expozice pro Muzeum v&yacute;chodn&iacute;ch \u010cech v Hradci Kr&aacute;lov&eacute;<br \/>-n&aacute;vrh interakce, n&aacute;vrh, p\u0159&iacute;prava a v&yacute;roba AV obsah\u016f<\/p>\n<p>2021 - AV \u0159e&scaron;en&iacute; expozice pro Muzeum st\u0159edn&iacute;ho Pootav&iacute; Strakonice<br \/>-n&aacute;vrh interakce, n&aacute;vrh, p\u0159&iacute;prava a v&yacute;roba AV obsah\u016f<\/p>\n<p>2021 - AV \u0159e&scaron;en&iacute; expozice pro Z&aacute;bavn\u011b vzd\u011bl&aacute;vac&iacute; centrum Planeta Hlinsko<br \/>-n&aacute;vrh interakce, n&aacute;vrh, p\u0159&iacute;prava a v&yacute;roba AV obsah\u016f<\/p>\n<p>2021 - Expozice Cesta uhl&iacute;, kur&aacute;tor: Anton&iacute;n &Scaron;im\u010d&iacute;k, Doln&iacute; oblast V&iacute;tkovice<br \/>- n&aacute;vrh konceptu nov&eacute; expozice, n&aacute;vrh AV &nbsp;obsah\u016f<\/p>\n<p>2022 - Expozice Husit&eacute;, kur&aacute;tor: Jakub Smr\u010dka, Husitsk&eacute; muzeum v T&aacute;bo\u0159e<br \/>- n&aacute;vrh konceptu nov&eacute; expozice, projekt interi&eacute;ru, n&aacute;vrh, p\u0159&iacute;prava a v&yacute;roba AV obsah\u016f<\/p>\n<p>2022 - Expozice P\u0159&iacute;rodov\u011bdy a Archeologie pro Muzeum v&yacute;chodn&iacute;ch \u010cech v Hradci Kr&aacute;lov&eacute;<br \/>- projekt interi&eacute;ru, n&aacute;vrh, p\u0159&iacute;prava a v&yacute;roba AV obsah\u016f, game design<\/p>\n<p>&nbsp;<\/p>\n<p><\/div><div class=\"ffb-id-2ot0fs72 fg-paragraph ff-richtext text-left    fg-text-dark\"><\/p>\n<p><strong>Praxe:<\/strong><\/p>\n<p>2009 - 2011 ateli&eacute;r RG projekt Radom&iacute;ra Gr&aacute;fka, Varnsdorf<br \/>2012 - 2014 ateli&eacute;r Ladislava P&aacute;lka, Brno<br \/>2012 - 2015 ateli&eacute;r Ji\u0159&iacute;ho Topinky, Brno<br \/>2011 - 2014 ateli&eacute;r Fr&aacute;nek architects Zde\u0148ka Fr&aacute;nka, Brno<br \/>2014 - 2017 studio R\/FRM, Praha<br \/>2018 - 2023 studio st.dio, Praha<br \/>2024 -&nbsp; &nbsp; &nbsp; &nbsp; &nbsp;vlastn&iacute; ateli&eacute;r Musehunt s.r.o.<\/p>\n<p>&nbsp;<\/p>\n<h4>Atelier Fr&aacute;nek architects Zde\u0148ka Fr&aacute;nka, Brno, 2011 - 2014<\/h4>\n<p>Atletick&yacute; stadion V&iacute;tkovice, Ostrava<br \/>Fotbalov&yacute; stadion V&iacute;tkovice, Ostrava<br \/>Smalt&aacute;rium V&iacute;tkovice, Ostrava<br \/><a href=\"http:\/\/www.tyden.cz\/rubriky\/domaci\/marsmeloun-v-praze-architekt-nemel-byt-biloruzovy_342762.html\" target=\"_blank\" rel=\"noopener\">Obli\u010dejov&yacute; d\u016fm, Praha<\/a><br \/>Bytov&yacute; d\u016fm, Brno<br \/>Bytov&yacute; d\u016fm, Pec pod Sn\u011b\u017ekou<br \/>N&aacute;stavba histor. domu, Brno<br \/>Stavebn&iacute; &uacute;pravy na lesovnu, Sk\u0159in&aacute;\u0159ov<br \/>Stavebn&iacute; &uacute;pravy na s&iacute;dlo firmy, Brno<br \/>Stavebn&iacute; &uacute;pravy na penzion, Hevl&iacute;n<br \/>Stavebn&iacute; &uacute;pravy na sanatorium, Moravsk&aacute; T\u0159ebov&aacute;<br \/>Muzeum bible, Velehrad<br \/>Kostel Lesn&aacute;, Brno<br \/>Galerie um\u011bn&iacute;, Kalkata, Indie<br \/><a href=\"http:\/\/www.franekarchitects.cz\/en\/project\/ccc-peking\/\" target=\"_blank\" rel=\"noopener\">Galerie CCC, Peking<\/a><br \/><a href=\"http:\/\/www.franekarchitects.cz\/en\/project\/dum-v-chorvatsku\/\" target=\"_blank\" rel=\"noopener\">Rodinn&yacute; d\u016fm, Chorvatsko<\/a><br \/>Rodinn&yacute; d\u016fm, &Uacute;jezd<br \/>Rodinn&yacute; d\u016fm, Lelekovice u Brna<br \/>Rodinn&yacute; d\u016fm, Dolany u Brna<br \/>Rodinn&yacute; d\u016fm, Chrlice u Brna<br \/>Rodinn&yacute; d\u016fm, Ro\u017enov pod Radho&scaron;t\u011bm<br \/>Rodinn&yacute; d\u016fm, Praha<br \/>Rodinn&yacute; d\u016fm, Praha<br \/>Rodinn&yacute; d\u016fm, Brno<br \/>Rodinn&yacute; d\u016fm, Brno<br \/>Soubor 19ti rodinn&yacute;ch dom\u016f, Brno<br \/>Soubor 8mi bytov&yacute;ch dom\u016f, Brno<br \/>V\u011b\u017e Litomy&scaron;l<br \/>V\u011b\u017e Sk\u0159in&aacute;\u0159ov<br \/><a href=\"http:\/\/www.franekarchitects.cz\/en\/project\/heart-tower\/\" target=\"_blank\" rel=\"noopener\">V\u011b\u017e N&aacute;klo<\/a><br \/>Ka&scaron;na, Sk\u0159in&aacute;\u0159ov<br \/><a href=\"http:\/\/www.franekarchitects.cz\/en\/project\/liko-noe\/\" target=\"_blank\" rel=\"noopener\">Prezenta\u010dn&iacute; alt&aacute;n spole\u010dnosti Likos, Slavkov u Brna<\/a><br \/>Prof. \u0159&iacute;zen&iacute; Z. Fr&aacute;nka - animace<br \/><a href=\"http:\/\/www.franekarchitects.cz\/en\/project\/interior-of-architecture\/\" target=\"_blank\" rel=\"noopener\">V&yacute;stava &Uacute;troby architektury, Brno - studie a realizace<\/a><br \/><a href=\"http:\/\/www.franekarchitects.cz\/en\/project\/pilllow-house\/\" target=\"_blank\" rel=\"noopener\">V&yacute;stava Pol&scaron;t&aacute;\u0159ov&yacute; d\u016fm, Mal&aacute; dvorana Velet\u0159n&iacute;ho pal&aacute;ce 2014<\/a><br \/><a href=\"http:\/\/www.franekarchitects.cz\/en\/project\/tower-dolni-morava\/\" target=\"_blank\" rel=\"noopener\">Rozhledna doln&iacute; Morava<\/a>&nbsp;<\/p>\n<h4>Atelier Ladislava Palka, Brno, 2012 - 2014<\/h4>\n<p>Rodinn&yacute; d\u016fm, Poho\u0159elice<br \/>Rodinn&yacute; d\u016fm, K\u0159tomil<br \/>Rodinn&yacute; d\u016fm, Brno<br \/>Rodinn&yacute; d\u016fm, Brno<br \/>Stavebn&iacute; &uacute;pravy na vina\u0159stv&iacute;, Klentnice<br \/>Fotbalov&eacute; tribuny, Brno<\/p>\n<h4>Atelier Ji\u0159&iacute;ho Topinky, Brno, 2012 - 2015<\/h4>\n<p>Stavebn&iacute; &uacute;pravy na rodinn&yacute; d\u016fm, Brno<br \/>N&aacute;stavba rodinn&eacute;ho domu, Brno<\/p>\n<h4>R\/FRM, Praha, 2014 - 2017<\/h4>\n<p><a href=\"http:\/\/www.archiweb.cz\/buildings.php?&amp;action=show&amp;id=4555\" target=\"_blank\" rel=\"noopener\">Laborato\u0159 ticha, Milano, Expo 2015<\/a><br \/><a href=\"http:\/\/www.archiweb.cz\/buildings.php?type=arch&amp;action=show&amp;id=4554\" target=\"_blank\" rel=\"noopener\">Zem\u011b fantazie, Milano, Expo 2015<\/a><br \/>Laborato\u0159 ticha, N&aacute;rodn&iacute; zem\u011bd\u011blsk&eacute; muzeum, Praha, 2016<br \/>Instalace Horizont ud&aacute;lost&iacute;, Signal festival Praha, 2016<br \/>Interaktivn&iacute; instalace Ohro\u017een&eacute; pam&aacute;tky Mosulu, Knihovna Akademie v\u011bd Praha, 2017<br \/>Interaktivn&iacute; instalace \u010cern&aacute; d&iacute;ra, Knihovna Akademie v\u011bd Praha, 2017<\/p>\n<p><\/div><div class=\"ffb-id-2ot0ff1k fg-paragraph ff-richtext text-left    fg-text-dark\"><\/p>\n<h4>Atelier RG projekt Radom&iacute;ra Grafka, Varnsdorf, 2009 - 2011<\/h4>\n<p>Stavebn&iacute; &uacute;pravy na byty a nadstavba ul.N&aacute;rodn&iacute; Varnsdorf <br \/>Stavebn&iacute; &uacute;pravy na restauraci a penzion, B&iacute;l&yacute; Kostel nad Nisou <br \/>Stavebn&iacute; &uacute;pravy na s&iacute;dlo firmy, Liberec <br \/>Stavebn&iacute; &uacute;pravy rodinn&eacute;ho domu, Hoje&scaron;&iacute;n <br \/>Stavebn&iacute; &uacute;pravy na s&iacute;dlo firmy, Varnsdorf <br \/>Stavebn&iacute; &uacute;pravy na restauraci a hudebn&iacute; klub, Ji\u0159et&iacute;n pod Jedlovou <br \/>Stavebn&iacute; &uacute;pravy na v&iacute;kendov&yacute; d\u016fm, Kr&aacute;sn&aacute; L&iacute;pa<br \/>Stavebn&iacute; &uacute;pravy na byty a nadstavba ul. Rumunsk&aacute;, Liberec <br \/>Stavebn&iacute; &uacute;pravy s&iacute;dla firmy, Ji\u0159et&iacute;n pod Jedlovou <br \/>Stavebn&iacute; &uacute;pravy na turistickou ubytovnu, Ji\u0159et&iacute;n pod jedlovou <br \/>4 viladomy, Liberec<br \/><a href=\"http:\/\/www.rgarchitects.cz\/projekty\/detail?id=45\" target=\"_blank\" rel=\"noopener\">Rodinn&yacute; d\u016fm, Machn&iacute;n u Liberce<\/a><br \/>Rodinn&yacute; d\u016fm, Horn&iacute; Jind\u0159ichov<br \/><a href=\"http:\/\/www.rgarchitects.cz\/projekty\/detail?id=22\" target=\"_blank\" rel=\"noopener\">Rodinn&yacute; d\u016fm, Varnsdorf<\/a> <br \/>Rodinn&yacute; d\u016fm, \u017datec<br \/>Rodinn&yacute; d\u016fm, Varnsdorf<\/p>\n<p><strong>P\u0159ipravovan&eacute; projekty<\/strong><\/p>\n<p>V&yacute;zkum sol&aacute;rn&iacute;ch sklen&iacute;k\u016f a samo\u010dinn&yacute;ch rekuperac&iacute; 2014 - <br \/>Jez jako n&aacute;rodn&iacute; pam&aacute;tka \/ Alternativn&iacute; n&aacute;vrh plavebn&iacute;ho stupn\u011b D\u011b\u010d&iacute;n 2014 -<br \/>MMORPG Hra pro mobiln&iacute; telefony BEEA 2014 - <br \/>Rekonstrukce karbonsk&eacute;ho pralesa 2016 -<\/p>\n<p>&nbsp;<\/p>\n<p><\/div><\/div><\/div><\/div><\/section><style>.ffb-id-2ostuhsr{ \npadding-top: 50px;\npadding-bottom: 50px;\n\n}\n@media (min-width:768px) { \n.ffb-id-2ostuhsr{ \npadding-top: 50px;\npadding-bottom: 50px;\n\n}\n}@media (min-width:992px) { \n.ffb-id-2ostuhsr{ \npadding-top: 50px;\npadding-bottom: 50px;\n\n}\n}@media (min-width:1200px) { \n.ffb-id-2ostuhsr{ \npadding-top: 50px;\npadding-bottom: 50px;\n\n}\n}<\/style><script type=\"text\/javascript\"><\/script><\/p>","protected":false},"excerpt":{"rendered":"","protected":false},"author":1,"featured_media":0,"parent":0,"menu_order":0,"comment_status":"closed","ping_status":"closed","template":"","meta":{"_monsterinsights_skip_tracking":false,"_monsterinsights_sitenote_active":false,"_monsterinsights_sitenote_note":"","_monsterinsights_sitenote_category":0,"footnotes":""},"class_list":["post-236","page","type-page","status-publish","hentry","post-wrapper"],"_links":{"self":[{"href":"http:\/\/www.miroslavkukral.cz\/en\/wp-json\/wp\/v2\/pages\/236","targetHints":{"allow":["GET"]}}],"collection":[{"href":"http:\/\/www.miroslavkukral.cz\/en\/wp-json\/wp\/v2\/pages"}],"about":[{"href":"http:\/\/www.miroslavkukral.cz\/en\/wp-json\/wp\/v2\/types\/page"}],"author":[{"embeddable":true,"href":"http:\/\/www.miroslavkukral.cz\/en\/wp-json\/wp\/v2\/users\/1"}],"replies":[{"embeddable":true,"href":"http:\/\/www.miroslavkukral.cz\/en\/wp-json\/wp\/v2\/comments?post=236"}],"version-history":[{"count":11,"href":"http:\/\/www.miroslavkukral.cz\/en\/wp-json\/wp\/v2\/pages\/236\/revisions"}],"predecessor-version":[{"id":1674,"href":"http:\/\/www.miroslavkukral.cz\/en\/wp-json\/wp\/v2\/pages\/236\/revisions\/1674"}],"wp:attachment":[{"href":"http:\/\/www.miroslavkukral.cz\/en\/wp-json\/wp\/v2\/media?parent=236"}],"curies":[{"name":"wp","href":"https:\/\/api.w.org\/{rel}","templated":true}]}}