{"id":1337,"date":"2019-12-07T13:26:38","date_gmt":"2019-12-07T12:26:38","guid":{"rendered":"http:\/\/www.miroslavkukral.cz\/?page_id=1337"},"modified":"2020-03-20T14:56:38","modified_gmt":"2020-03-20T13:56:38","slug":"entity","status":"publish","type":"page","link":"https:\/\/www.miroslavkukral.cz\/en\/entity\/","title":{"rendered":"Entity"},"content":{"rendered":"<p><section class=\"ffb-id-3jj0otlo fg-section fg-text-light\"><div class=\"fg-container container fg-container-small fg-container-lvl--1 fg-container-no-padding\"><div class=\"fg-row row\" ><div class=\"ffb-id-3jj0otlp fg-col col-xs-12 col-md-12 fg-text-light\"><div class=\"fg-vcenter-wrapper\"><div class=\"fg-vcenter\"><div class=\"ffb-id-3jiuhki5 fg-paragraph ff-richtext text-center   text-lg-left fg-el-has-bg fg-text-light\"><span class=\"fg-bg\"><span data-fg-bg=\"{&quot;type&quot;:&quot;color&quot;,&quot;opacity&quot;:1,&quot;color&quot;:&quot;#000000&quot;}\" class=\"fg-bg-layer fg-bg-type-color\" style=\"opacity: 1; background-color: #000000;\"><\/span><\/span><\/p>\n<p>&nbsp;<\/p>\n<p><span style=\"color: #b4b4b4\">Everybody have their own idea of what is acceptable, admirable or harmful visual intervention in the area they live in.<\/span><\/p>\n<p><span style=\"color: #b4b4b4\">Project Entity is a type of application from the \u201cserious games\u201d genre - it is a research experiment masked as a gaming environment. Anywhere in the world, the player can plant and grow his or her virtual organic structure, alien plant - \u201ctotem\u201d. The appearance and evolution of this organic structure reflects the real world as perceived by not only the creator but also by other players, who, with their actions, refine the environment.<\/span><\/p>\n<p><span style=\"color: #b4b4b4\">Squares, parks and streets get their living avatar depictions; investors and urban planners obtain information on the occurrence and level of motivation for reshaping the public space.<\/span><\/p>\n<p>&nbsp;<\/p>\n<p><\/div><img loading=\"lazy\" decoding=\"async\" class=\"ffb-id-3jj2e3gl fg-image  img-responsive full-width fg-text-light\" width=\"1920\" height=\"1080\" src=\"http:\/\/www.miroslavkukral.cz\/wp-content\/uploads\/2019\/12\/entity_01.jpg\" alt=\"entity_01\" title=\"https:\/\/www.pocitovemapy.cz Ji\u0159\u00ed P\u00e1nek\"><div class=\"ffb-id-3jj2h1em fg-paragraph ff-richtext text-right text-sm-right text-md-right text-lg-right fg-text-light\"><\/p>\n<h5 style=\"text-align: right\"><span style=\"color: #b4b4b4\">Referential project: the Emotional Map of city \u00b4Vala\u0161sk\u00e9 klobouky\u00b4 <a style=\"color: #b4b4b4\" href=\"http:\/\/www.pocitovemapy.cz\">www.pocitovemapy.cz&nbsp;&nbsp;<\/a>Jiri Panek : People could interact with a board map which was the basis for the Emotional map. Players could by six different coloured items mark the places in the area they know. Each colour represented a different emotion.\n\nCulture and Sports - here i get social ;\nGreen and Architecture - this way i like to walk ; \nPeace and Safety - here i feel well ; \nNeglited area - missing foliage, architecture ;\nUnrest and Danger - here i don't feel secure ;\nBad traffic area - here i dont like to commute<\/span><\/h5>\n<p style=\"text-align: right\">&nbsp;<\/p>\n<p><\/div><section class=\"ffb-id-3jj34pg6 divider-v7 divider-alignment-center divider-size-fullwidth divider-weight-bold  fg-text-dark\"><div class=\"divider-v7-title divider-v7-title-dashed full-width\"><span class=\"after\"><\/span><\/div><\/section><div class=\"ffb-id-3jj33hro fg-paragraph ff-richtext text-center   text-lg-left fg-el-has-bg fg-text-light\"><span class=\"fg-bg\"><span data-fg-bg=\"{&quot;type&quot;:&quot;color&quot;,&quot;opacity&quot;:1,&quot;color&quot;:&quot;#000000&quot;}\" class=\"fg-bg-layer fg-bg-type-color\" style=\"opacity: 1; background-color: #000000;\"><\/span><\/span><\/p>\n<p style=\"font-family: Roboto, Arial, sans-serif;font-weight: 300;color: #34343c;margin: 0px 0px 15px;font-size: 24px;letter-spacing: 1.5px;line-height: 1.5 !important\"><span style=\"color: #b4b4b4\">Story<\/span><\/p>\n<p style=\"font-family: Roboto, Arial, sans-serif;font-weight: 300;color: #34343c;margin: 0px 0px 15px;font-size: 18px;letter-spacing: 1.5px;line-height: 1.5 !important\"><span style=\"color: #b4b4b4\"><em style=\"line-height: 1.5 !important\">\u201eThis is a present from a small distant world, a token of our science, our thoughts and our feelings. We are attempting to survive our time so we may live into yours.\u201d<\/em><\/span><\/p>\n<p style=\"margin: 0px 0px 10px;font-size: 15px;color: #606060;font-family: Roboto, Arial, sans-serif;letter-spacing: 1.5px;line-height: 1.5 !important\"><span style=\"font-size: small;color: #b4b4b4;line-height: 1.5 !important\">Jimmy Carter, 1977, the Voyager Golden Record<\/span><\/p>\n<p style=\"margin: 0px 0px 10px;font-size: 15px;color: #606060;font-family: Roboto, Arial, sans-serif;letter-spacing: 1.5px;line-height: 1.5 !important\">&nbsp;<\/p>\n<p style=\"margin: 0px 0px 10px;font-size: 15px;color: #606060;font-family: Roboto, Arial, sans-serif;letter-spacing: 1.5px;line-height: 1.5 !important\"><span style=\"color: #b4b4b4\">Imagine there are many messages like this broadcasted on our planet, except we have not been able to decipher them yet. Due to the excessive amount and variability of the messages, even the largest of observatories can only translate them as noise.<\/span><\/p>\n<p style=\"margin: 0px 0px 10px;font-size: 15px;color: #606060;font-family: Roboto, Arial, sans-serif;letter-spacing: 1.5px;line-height: 1.5 !important\"><span style=\"color: #b4b4b4\">The presented augmented reality game Entity, designed for mobile phones and tablets, should enable the player work out the mysterious signals from the outer space in the digital layer of the real world map as well as explore extraterrestrial structure schemes and \u201crecipes\u201d for new virtual organic structures - totems, the new forms of life.<\/span><\/p>\n<p style=\"margin: 0px 0px 10px;font-size: 15px;color: #606060;font-family: Roboto, Arial, sans-serif;letter-spacing: 1.5px;line-height: 1.5 !important\">&nbsp;<\/p>\n<p><\/div><img loading=\"lazy\" decoding=\"async\" class=\"ffb-id-3jj36kln fg-image  img-responsive full-width fg-text-light\" width=\"1920\" height=\"1080\" src=\"http:\/\/www.miroslavkukral.cz\/wp-content\/uploads\/2020\/03\/entity_03.jpg\" alt=\"entity_03\" title=\"https:\/\/www.pocitovemapy.cz Ji\u0159\u00ed P\u00e1nek\"><div class=\"ffb-id-3jj45qmi fg-paragraph ff-richtext text-center   text-lg-left fg-el-has-bg fg-text-light\"><span class=\"fg-bg\"><span data-fg-bg=\"{&quot;type&quot;:&quot;color&quot;,&quot;opacity&quot;:1,&quot;color&quot;:&quot;#000000&quot;}\" class=\"fg-bg-layer fg-bg-type-color\" style=\"opacity: 1; background-color: #000000;\"><\/span><\/span><\/p>\n<p style=\"margin: 0px 0px 10px;font-size: 15px;color: #606060;font-family: Roboto, Arial, sans-serif;letter-spacing: 1.5px;line-height: 1.5 !important\">&nbsp;<\/p>\n<p style=\"margin: 0px 0px 10px;font-size: 15px;color: #606060;font-family: Roboto, Arial, sans-serif;letter-spacing: 1.5px;line-height: 1.5 !important\"><span style=\"color: #b4b4b4\">Every player can anywhere in the world plant the seed of their virtual totem \u2013 an organic structure from outer space. Like its origin, its life energy is tied to electronic devices, dying without attention.<\/span><\/p>\n<p style=\"margin: 0px 0px 10px;font-size: 15px;color: #606060;font-family: Roboto, Arial, sans-serif;letter-spacing: 1.5px;line-height: 1.5 !important\">&nbsp;<\/p>\n<p><\/div><img loading=\"lazy\" decoding=\"async\" class=\"ffb-id-3jj54f65 fg-image  img-responsive full-width fg-text-light\" width=\"1920\" height=\"1080\" src=\"http:\/\/www.miroslavkukral.cz\/wp-content\/uploads\/2020\/03\/entity_05.jpg\" alt=\"entity_05\" title=\"https:\/\/www.pocitovemapy.cz Ji\u0159\u00ed P\u00e1nek\"><div class=\"ffb-id-3jj572el fg-paragraph ff-richtext text-center   text-lg-left fg-el-has-bg fg-text-light\"><span class=\"fg-bg\"><span data-fg-bg=\"{&quot;type&quot;:&quot;color&quot;,&quot;opacity&quot;:1,&quot;color&quot;:&quot;#000000&quot;}\" class=\"fg-bg-layer fg-bg-type-color\" style=\"opacity: 1; background-color: #000000;\"><\/span><\/span><\/p>\n<p style=\"margin: 0px 0px 10px;font-size: 15px;color: #606060;font-family: Roboto, Arial, sans-serif;letter-spacing: 1.5px;line-height: 1.5 !important\">&nbsp;<\/p>\n<p style=\"margin: 0px 0px 10px;font-size: 15px;color: #606060;font-family: Roboto, Arial, sans-serif;letter-spacing: 1.5px;line-height: 1.5 !important\"><span style=\"color: #b4b4b4\">The player learns to develop and maintain progressively demanding and interesting species. He or she finds out which types of (plants) structures are mutually harmful and which can have a symbiotic relationship. He or she eventually gains an excellent command of creating entire harmonious gardens and can attend tournament shows of the most beautiful and invasive biotopes.<\/span><\/p>\n<p style=\"margin: 0px 0px 10px;font-size: 15px;color: #606060;font-family: Roboto, Arial, sans-serif;letter-spacing: 1.5px;line-height: 1.5 !important\">&nbsp;<\/p>\n<p style=\"margin: 0px 0px 10px;font-size: 15px;color: #606060;font-family: Roboto, Arial, sans-serif;letter-spacing: 1.5px;line-height: 1.5 !important\">&nbsp;<\/p>\n<p><\/div><img loading=\"lazy\" decoding=\"async\" class=\"ffb-id-3jj54vsd fg-image  img-responsive full-width fg-text-light\" width=\"1920\" height=\"1080\" src=\"http:\/\/www.miroslavkukral.cz\/wp-content\/uploads\/2020\/03\/entity_06.jpg\" alt=\"entity_06\" title=\"https:\/\/www.pocitovemapy.cz Ji\u0159\u00ed P\u00e1nek\"><div class=\"ffb-id-3jj5hprt fg-paragraph ff-richtext text-center   text-lg-left fg-el-has-bg fg-text-light\"><span class=\"fg-bg\"><span data-fg-bg=\"{&quot;type&quot;:&quot;color&quot;,&quot;opacity&quot;:1,&quot;color&quot;:&quot;#000000&quot;}\" class=\"fg-bg-layer fg-bg-type-color\" style=\"opacity: 1; background-color: #000000;\"><\/span><\/span><\/p>\n<p>&nbsp;<\/p>\n<p><span style=\"color: #b4b4b4\">Each organic structure - plant or plant cluster can carry a virtual panel containing a text message or an entire discussion forum with a gallery of images, which makes it a carrier of a deeper purpose, not only an aesthetic one. <\/span><\/p>\n<p><span style=\"color: #b4b4b4\">On the background of the real world, the player decides what he or she like or not in the given area, and can positively as well as negatively influence the environment shared with others. As opposed to other games or social networks, the making of the decision is conditioned by the players physical presence in the area. This eliminates the attitudes of those who effectively do not know the given area or are not capable of giving up the comfort of their homes in order to assert their stances. Such focused attention brings together and motivates those who can actually influence the area. Their very presence, a show of interest, has a positive impact on the formation of an area that may be neglected by society.<\/span><\/p>\n<p>&nbsp;<\/p>\n<h4 style=\"font-family: Roboto, Arial, sans-serif;font-weight: 300;color: #34343c;margin: 0px 0px 15px;font-size: 18px;letter-spacing: 1.5px;line-height: 1.5 !important\"><span style=\"color: #b4b4b4\">Social Dimension<\/span><\/h4>\n<p style=\"margin: 0px 0px 10px;font-size: 15px;color: #606060;font-family: Roboto, Arial, sans-serif;letter-spacing: 1.5px;line-height: 1.5 !important\"><span style=\"color: #b4b4b4\">The structure is the player\u2019s avatar. It is the player\u2019s embodiment via which he or she relates to the environment. The associated virtual environment acquires one of the possible perspectives, which can suggest the way it can be cartographically labeled, and with each and every newcomer and their response to the environment, this description becomes more refined. It also makes it possible to create the mental image of the real area: how often it is visited, with what kind and level of motivation, by what type of players or personalities; whether it awakens deviant behavior or behavioral fluctuations in the player.<\/span><\/p>\n<p style=\"margin: 0px 0px 10px;font-size: 15px;color: #606060;font-family: Roboto, Arial, sans-serif;letter-spacing: 1.5px;line-height: 1.5 !important\"><br style=\"line-height: 1.5 !important\" \/><span style=\"color: #b4b4b4\">Thanks to the possibility to constantly add and manipulate objects, the game allows multiple users to collaborate in evaluating and solving problems in a synchronous way and to be instantly aware of actions made in their areas of interest.<\/span><br style=\"line-height: 1.5 !important\" \/><span style=\"color: #b4b4b4\">The present project is a scientific experiment, the results of which are accessible to anyone, and the practical benefits of which grow in everyone\u2019s mind in the form of the knowledge of one\u2019s self, one\u2019s surroundings, foreign places and their inhabitants.<\/span><\/p>\n<p style=\"margin: 0px 0px 10px;font-size: 15px;color: #606060;font-family: Roboto, Arial, sans-serif;letter-spacing: 1.5px;line-height: 1.5 !important\">&nbsp;<\/p>\n<p><\/div><img loading=\"lazy\" decoding=\"async\" class=\"ffb-id-3jj5h535 fg-image  img-responsive full-width fg-text-light\" width=\"1920\" height=\"1080\" src=\"http:\/\/www.miroslavkukral.cz\/wp-content\/uploads\/2020\/03\/entity_08.jpg\" alt=\"entity_08\" title=\"https:\/\/www.pocitovemapy.cz Ji\u0159\u00ed P\u00e1nek\"><div class=\"ffb-id-3jj599ra fg-paragraph ff-richtext text-center   text-lg-left fg-el-has-bg fg-text-light\"><span class=\"fg-bg\"><span data-fg-bg=\"{&quot;type&quot;:&quot;color&quot;,&quot;opacity&quot;:1,&quot;color&quot;:&quot;#000000&quot;}\" class=\"fg-bg-layer fg-bg-type-color\" style=\"opacity: 1; background-color: #000000;\"><\/span><\/span><\/p>\n<h4 style=\"font-family: Roboto, Arial, sans-serif;font-weight: 300;color: #34343c;margin: 0px 0px 15px;font-size: 18px;letter-spacing: 1.5px;line-height: 1.5 !important\">&nbsp;<\/h4>\n<p style=\"margin: 0px 0px 10px;font-size: 15px;color: #606060;font-family: Roboto, Arial, sans-serif;letter-spacing: 1.5px;line-height: 1.5 !important\"><span style=\"color: #b4b4b4\">The project is currently being developed as part of the doctoral studies at the Faculty of Art and Architecture at the Technical University in Liberec<\/span><\/p>\n<p style=\"margin: 0px 0px 10px;font-size: 15px;color: #606060;font-family: Roboto, Arial, sans-serif;letter-spacing: 1.5px;line-height: 1.5 !important\"><span style=\"color: #b4b4b4\">The practical part, that is, the game itself, is elaborated into detail in the \u201cGame Design Document,\u201d <a style=\"color: #b4b4b4\" href=\"https:\/\/app.wisemapping.com\/c\/maps\/310918\/public\">available for preview on PC here.<\/a>.<\/span><\/p>\n<p style=\"margin: 0px 0px 10px;font-size: 15px;color: #606060;font-family: Roboto, Arial, sans-serif;letter-spacing: 1.5px;line-height: 1.5 !important\">&nbsp;<\/p>\n<p style=\"margin: 0px 0px 10px;font-size: 15px;color: #606060;font-family: Roboto, Arial, sans-serif;letter-spacing: 1.5px;line-height: 1.5 !important\"><span style=\"color: #b4b4b4;font-family: Verdana, Arial, Helvetica, sans-serif;font-size: 14px;letter-spacing: normal\"><div id=\"jig1\" class=\"justified-image-grid jig-88d172153c3cb9f6746787a6cd8d1676 jig-preset-c3\"><div class=\"jig-clearfix\"><\/div><noscript id=\"jig1-html\" class=\"justified-image-grid-html\" data-lazy-src=\"skiplazyload\" data-src=\"skipunveillazyload\"><ul><li><a href=\"https:\/\/www.miroslavkukral.cz\/wp-content\/uploads\/2019\/12\/entity_07.jpg\" title=\"entity_07\"><img loading=\"lazy\" decoding=\"async\" src=\"https:\/\/www.miroslavkukral.cz\/wp-content\/plugins\/justified-image-grid\/timthumb.php?src=https%3A%2F%2Fwww.miroslavkukral.cz%2Fwp-content%2Fuploads%2F2019%2F12%2Fentity_07.jpg&amp;h=195&amp;q=90&amp;f=.jpg\" alt=\"entity_07\" width=\"346\" height=\"195\" \/><\/a><p class=\"jig-HTMLdescription\">entity_07<\/p><\/li><li><a href=\"https:\/\/www.miroslavkukral.cz\/wp-content\/uploads\/2020\/03\/entity_04-1.jpg\"><img loading=\"lazy\" decoding=\"async\" src=\"https:\/\/www.miroslavkukral.cz\/wp-content\/plugins\/justified-image-grid\/timthumb.php?src=https%3A%2F%2Fwww.miroslavkukral.cz%2Fwp-content%2Fuploads%2F2020%2F03%2Fentity_04-1.jpg&amp;h=195&amp;q=90&amp;f=.jpg\" alt=\"\" width=\"346\" height=\"195\" \/><\/a><\/li><li><a href=\"https:\/\/www.miroslavkukral.cz\/wp-content\/uploads\/2020\/03\/entity_09-1.jpg\"><img loading=\"lazy\" decoding=\"async\" src=\"https:\/\/www.miroslavkukral.cz\/wp-content\/plugins\/justified-image-grid\/timthumb.php?src=https%3A%2F%2Fwww.miroslavkukral.cz%2Fwp-content%2Fuploads%2F2020%2F03%2Fentity_09-1.jpg&amp;h=195&amp;q=90&amp;f=.jpg\" alt=\"\" width=\"346\" height=\"195\" \/><\/a><\/li><\/ul><\/noscript><\/div><\/span><\/p>\n<h4 style=\"font-family: Roboto, Arial, sans-serif;font-weight: 300;color: #34343c;margin: 0px 0px 15px;font-size: 18px;letter-spacing: 1.5px;line-height: 1.5 !important\">&nbsp;<\/h4>\n<p><\/div><div class=\"ffb-id-3jj6muso fg-video hidden-md hidden-lg fg-text-dark\"><div class=\"embed-video-external fg-text-dark ffb-external-1\"><div class=\"embed-responsive\"><iframe loading=\"lazy\"\tclass=\"embed-responsive-item\" title=\"Project Entity\" width=\"1140\" height=\"641\" src=\"https:\/\/www.youtube.com\/embed\/D0fe9eD1fMc?feature=oembed&&autoplay=1&controls=0&loop=1&rel=0\" frameborder=\"0\" allow=\"accelerometer; autoplay; clipboard-write; encrypted-media; gyroscope; picture-in-picture; web-share\" referrerpolicy=\"strict-origin-when-cross-origin\"><\/iframe><\/div><\/div><\/div><\/div><\/div><\/div><\/div><\/div><\/section><style>.ffb-id-3jj0otlo{ margin-bottom: 50px;}@media (min-width:768px) { .ffb-id-3jj0otlo{ margin-bottom: 50px;}}@media (min-width:992px) { .ffb-id-3jj0otlo{ margin-bottom: 50px;}}@media (min-width:1200px) { .ffb-id-3jj0otlo{ margin-bottom: 50px;}}.ffb-id-3jj6muso .ffb-external-1 .embed-responsive{ padding-bottom:56.25%;}.ffb-id-3jj34pg6 .divider-v7-title span.after{ border-color:#c4c4c4 !important;}.ffb-id-3jj34pg6 .divider-v7-title span.after:after{ border-color:#c4c4c4 !important;}.ffb-id-3jj34pg6{ padding-top: -150px;}@media (min-width:768px) { .ffb-id-3jj34pg6{ padding-top: -150px;}}@media (min-width:992px) { .ffb-id-3jj34pg6{ padding-top: -150px;}}@media (min-width:1200px) { .ffb-id-3jj34pg6{ padding-top: -150px;}}.ffb-id-3jj2h1em{ text-align: right !important;}.ffb-id-3jj2h1em ,.ffb-id-3jj2h1em:before,.ffb-id-3jj2h1em:after,.ffb-id-3jj2h1em:hover,.ffb-id-3jj2h1em:focus,.ffb-id-3jj2h1em *,.ffb-id-3jj2h1em *:before,.ffb-id-3jj2h1em *:after,.ffb-id-3jj2h1em *:hover,.ffb-id-3jj2h1em *:focus{ text-align: right !important;}@media (min-width:768px) { .ffb-id-3jj2h1em{ text-align: right !important;}}@media (min-width:768px) { .ffb-id-3jj2h1em ,.ffb-id-3jj2h1em:before,.ffb-id-3jj2h1em:after,.ffb-id-3jj2h1em:hover,.ffb-id-3jj2h1em:focus,.ffb-id-3jj2h1em *,.ffb-id-3jj2h1em *:before,.ffb-id-3jj2h1em *:after,.ffb-id-3jj2h1em *:hover,.ffb-id-3jj2h1em *:focus{ text-align: right !important;}}@media (min-width:992px) { .ffb-id-3jj2h1em{ text-align: right !important;}}@media (min-width:992px) { .ffb-id-3jj2h1em ,.ffb-id-3jj2h1em:before,.ffb-id-3jj2h1em:after,.ffb-id-3jj2h1em:hover,.ffb-id-3jj2h1em:focus,.ffb-id-3jj2h1em *,.ffb-id-3jj2h1em *:before,.ffb-id-3jj2h1em *:after,.ffb-id-3jj2h1em *:hover,.ffb-id-3jj2h1em *:focus{ text-align: right !important;}}@media (min-width:1200px) { .ffb-id-3jj2h1em{ text-align: right !important;}}@media (min-width:1200px) { .ffb-id-3jj2h1em ,.ffb-id-3jj2h1em:before,.ffb-id-3jj2h1em:after,.ffb-id-3jj2h1em:hover,.ffb-id-3jj2h1em:focus,.ffb-id-3jj2h1em *,.ffb-id-3jj2h1em *:before,.ffb-id-3jj2h1em *:after,.ffb-id-3jj2h1em *:hover,.ffb-id-3jj2h1em *:focus{ text-align: right !important;}}<\/style><script type=\"text\/javascript\"><\/script><style>.ffb-id-3jj0otlo{ \nmargin-bottom: 50px;\n\n}\n@media (min-width:768px) { \n.ffb-id-3jj0otlo{ \nmargin-bottom: 50px;\n\n}\n}@media (min-width:992px) { \n.ffb-id-3jj0otlo{ \nmargin-bottom: 50px;\n\n}\n}@media (min-width:1200px) { \n.ffb-id-3jj0otlo{ \nmargin-bottom: 50px;\n\n}\n}.ffb-id-3jj6muso .ffb-external-1 .embed-responsive{ \npadding-bottom:56.25%;\n}\n.ffb-id-3jj34pg6 .divider-v7-title span.after{ \nborder-color:#c4c4c4 !important;\n}\n.ffb-id-3jj34pg6 .divider-v7-title span.after:after{ \nborder-color:#c4c4c4 !important;\n}\n.ffb-id-3jj34pg6{ \npadding-top: -150px;\n\n}\n@media (min-width:768px) { \n.ffb-id-3jj34pg6{ \npadding-top: -150px;\n\n}\n}@media (min-width:992px) { \n.ffb-id-3jj34pg6{ \npadding-top: -150px;\n\n}\n}@media (min-width:1200px) { \n.ffb-id-3jj34pg6{ \npadding-top: -150px;\n\n}\n}.ffb-id-3jj2h1em{ \ntext-align: right !important;\n}\n.ffb-id-3jj2h1em ,\n.ffb-id-3jj2h1em:before,\n.ffb-id-3jj2h1em:after,\n.ffb-id-3jj2h1em:hover,\n.ffb-id-3jj2h1em:focus,\n.ffb-id-3jj2h1em *,\n.ffb-id-3jj2h1em *:before,\n.ffb-id-3jj2h1em *:after,\n.ffb-id-3jj2h1em *:hover,\n.ffb-id-3jj2h1em *:focus{ \ntext-align: right !important;\n}\n@media (min-width:768px) { \n.ffb-id-3jj2h1em{ \ntext-align: right !important;\n}\n}@media (min-width:768px) { \n.ffb-id-3jj2h1em ,\n.ffb-id-3jj2h1em:before,\n.ffb-id-3jj2h1em:after,\n.ffb-id-3jj2h1em:hover,\n.ffb-id-3jj2h1em:focus,\n.ffb-id-3jj2h1em *,\n.ffb-id-3jj2h1em *:before,\n.ffb-id-3jj2h1em *:after,\n.ffb-id-3jj2h1em *:hover,\n.ffb-id-3jj2h1em *:focus{ \ntext-align: right !important;\n}\n}@media (min-width:992px) { \n.ffb-id-3jj2h1em{ \ntext-align: right !important;\n}\n}@media (min-width:992px) { \n.ffb-id-3jj2h1em ,\n.ffb-id-3jj2h1em:before,\n.ffb-id-3jj2h1em:after,\n.ffb-id-3jj2h1em:hover,\n.ffb-id-3jj2h1em:focus,\n.ffb-id-3jj2h1em *,\n.ffb-id-3jj2h1em *:before,\n.ffb-id-3jj2h1em *:after,\n.ffb-id-3jj2h1em *:hover,\n.ffb-id-3jj2h1em *:focus{ \ntext-align: right !important;\n}\n}@media (min-width:1200px) { \n.ffb-id-3jj2h1em{ \ntext-align: right !important;\n}\n}@media (min-width:1200px) { \n.ffb-id-3jj2h1em ,\n.ffb-id-3jj2h1em:before,\n.ffb-id-3jj2h1em:after,\n.ffb-id-3jj2h1em:hover,\n.ffb-id-3jj2h1em:focus,\n.ffb-id-3jj2h1em *,\n.ffb-id-3jj2h1em *:before,\n.ffb-id-3jj2h1em *:after,\n.ffb-id-3jj2h1em *:hover,\n.ffb-id-3jj2h1em *:focus{ \ntext-align: right !important;\n}\n}<\/style><script type=\"text\/javascript\"><\/script><\/p>","protected":false},"excerpt":{"rendered":"","protected":false},"author":1,"featured_media":1358,"parent":0,"menu_order":0,"comment_status":"closed","ping_status":"closed","template":"","meta":{"_monsterinsights_skip_tracking":false,"_monsterinsights_sitenote_active":false,"_monsterinsights_sitenote_note":"","_monsterinsights_sitenote_category":0,"footnotes":""},"class_list":["post-1337","page","type-page","status-publish","has-post-thumbnail","hentry","post-wrapper"],"_links":{"self":[{"href":"https:\/\/www.miroslavkukral.cz\/en\/wp-json\/wp\/v2\/pages\/1337","targetHints":{"allow":["GET"]}}],"collection":[{"href":"https:\/\/www.miroslavkukral.cz\/en\/wp-json\/wp\/v2\/pages"}],"about":[{"href":"https:\/\/www.miroslavkukral.cz\/en\/wp-json\/wp\/v2\/types\/page"}],"author":[{"embeddable":true,"href":"https:\/\/www.miroslavkukral.cz\/en\/wp-json\/wp\/v2\/users\/1"}],"replies":[{"embeddable":true,"href":"https:\/\/www.miroslavkukral.cz\/en\/wp-json\/wp\/v2\/comments?post=1337"}],"version-history":[{"count":9,"href":"https:\/\/www.miroslavkukral.cz\/en\/wp-json\/wp\/v2\/pages\/1337\/revisions"}],"predecessor-version":[{"id":1379,"href":"https:\/\/www.miroslavkukral.cz\/en\/wp-json\/wp\/v2\/pages\/1337\/revisions\/1379"}],"wp:featuredmedia":[{"embeddable":true,"href":"https:\/\/www.miroslavkukral.cz\/en\/wp-json\/wp\/v2\/media\/1358"}],"wp:attachment":[{"href":"https:\/\/www.miroslavkukral.cz\/en\/wp-json\/wp\/v2\/media?parent=1337"}],"curies":[{"name":"wp","href":"https:\/\/api.w.org\/{rel}","templated":true}]}}