{"id":487,"date":"2018-11-24T19:49:25","date_gmt":"2018-11-24T18:49:25","guid":{"rendered":"http:\/\/www.miroslavkukral.cz\/?page_id=487"},"modified":"2024-10-09T13:25:47","modified_gmt":"2024-10-09T12:25:47","slug":"projekty","status":"publish","type":"page","link":"https:\/\/www.miroslavkukral.cz\/en\/projekty\/","title":{"rendered":"Projekty"},"content":{"rendered":"<p><h1 class=\"ffb-id-2l68srma fg-heading text-center    fg-text-dark\">Projekty<\/h1><style>.ffb-id-2l68srma{ padding-top: 150px;padding-bottom: 50px;}@media (min-width:768px) { .ffb-id-2l68srma{ padding-top: 150px;padding-bottom: 50px;}}@media (min-width:992px) { .ffb-id-2l68srma{ padding-top: 150px;padding-bottom: 50px;}}@media (min-width:1200px) { .ffb-id-2l68srma{ padding-top: 150px;padding-bottom: 50px;}}<\/style><script type=\"text\/javascript\"><\/script><section class=\"ffb-id-ppc0fh9 fg-section fg-text-dark\"><div class=\"fg-container container fg-container-medium fg-container-lvl--1\"><div class=\"fg-row row\" ><div class=\"ffb-id-ppc0fha fg-col col-xs-12 col-md-12 fg-text-dark\"><div class=\"ffb-id-2optmqp5 fg-paragraph ff-richtext text-left    fg-text-dark\"><\/p>\n<p>N&aacute;vrh od studie, p\u0159&iacute;pravy &uacute;zemn&iacute;ho a stavebn&iacute;ho \u0159&iacute;zen&iacute;, po spolupr&aacute;ci p\u0159i v&yacute;b\u011bru dodavatele, sou\u010dinnost p\u0159i realizaci.&nbsp;<\/p>\n<p>&nbsp;<\/p>\n<div id=\"jig1\" class=\"justified-image-grid jig-49f7d91dfc95536d963e8244005de5ca jig-preset-c8\"><div class=\"jig-clearfix\"><\/div><noscript id=\"jig1-html\" class=\"justified-image-grid-html\" data-lazy-src=\"skiplazyload\" data-src=\"skipunveillazyload\"><ul><li><a href=\"https:\/\/www.miroslavkukral.cz\/en\/portfolio\/husitske-muzeum-v-tabore\/\"><img loading=\"lazy\" decoding=\"async\" src=\"https:\/\/www.miroslavkukral.cz\/wp-content\/plugins\/justified-image-grid\/timthumb.php?src=https%3A%2F%2Fwww.miroslavkukral.cz%2Fwp-content%2Fuploads%2F2024%2F02%2F00_Miroslav_Kukral_Husitske_muzeum_Tabor_01-2140x1047.jpg&amp;h=230&amp;q=90&amp;f=.jpg\" alt=\"Expozice Husit\u00e9 v T\u00e1bo\u0159e\" width=\"470\" height=\"230\" \/><\/a><p class=\"jig-HTMLdescription\">Expozice Husit\u00e9 v T\u00e1bo\u0159e<br\/><\/p><\/li><li><a href=\"https:\/\/www.miroslavkukral.cz\/en\/portfolio\/vystava-digitalni-zrcadlo\/\" title=\"SmetanaQ_exhibition_Matej_Stropnicky_Miroslav_Kukral_01_h\"><img loading=\"lazy\" decoding=\"async\" src=\"https:\/\/www.miroslavkukral.cz\/wp-content\/plugins\/justified-image-grid\/timthumb.php?src=https%3A%2F%2Fwww.miroslavkukral.cz%2Fwp-content%2Fuploads%2F2023%2F06%2FSmetanaQ_exhibition_Matej_Stropnicky_Miroslav_Kukral_01_h.jpg&amp;h=230&amp;q=90&amp;f=.jpg\" alt=\"V\u00fdstava Sv\u011bt za zrcadlem\" width=\"493\" height=\"230\" \/><\/a><p class=\"jig-HTMLdescription\">V\u00fdstava Sv\u011bt za zrcadlem<br\/>SmetanaQ_exhibition_Matej_Stropnicky_Miroslav_Kukral_01_h<\/p><\/li><li><a href=\"https:\/\/www.miroslavkukral.cz\/en\/portfolio\/koncept-showroomu-skoda-auto\/\" title=\"Skoda_Auto_concept_showroom_Miroslav_Kukral_01_h\"><img loading=\"lazy\" decoding=\"async\" src=\"https:\/\/www.miroslavkukral.cz\/wp-content\/plugins\/justified-image-grid\/timthumb.php?src=https%3A%2F%2Fwww.miroslavkukral.cz%2Fwp-content%2Fuploads%2F2023%2F06%2FSkoda_Auto_concept_showroom_Miroslav_Kukral_01_h.jpg&amp;h=230&amp;q=90&amp;f=.jpg\" alt=\"Koncept showroom\u016f \u0160koda Auto\" width=\"345\" height=\"230\" \/><\/a><p class=\"jig-HTMLdescription\">Koncept showroom\u016f \u0160koda Auto<br\/>Skoda_Auto_concept_showroom_Miroslav_Kukral_01_h<\/p><\/li><li><a href=\"https:\/\/www.miroslavkukral.cz\/en\/portfolio\/multifunkcni-showroom-veolia-place\/\"><img loading=\"lazy\" decoding=\"async\" src=\"https:\/\/www.miroslavkukral.cz\/wp-content\/plugins\/justified-image-grid\/timthumb.php?src=https%3A%2F%2Fwww.miroslavkukral.cz%2Fwp-content%2Fuploads%2F2024%2F10%2FFlorentinum_Veolia_Prague_showroom_Miroslav_Kukral_01_h-1b-2140x1425.jpg&amp;h=230&amp;q=90&amp;f=.jpg\" alt=\"Multifunk\u010dn\u00ed showroom Veolia Place\" width=\"345\" height=\"230\" \/><\/a><p class=\"jig-HTMLdescription\">Multifunk\u010dn\u00ed showroom Veolia Place<br\/><\/p><\/li><li><a href=\"https:\/\/www.miroslavkukral.cz\/en\/portfolio\/expozice-vodarenstvi-vodovodov\/\" title=\"VodovodovMiroslav_Kukral_01\"><img loading=\"lazy\" decoding=\"async\" src=\"https:\/\/www.miroslavkukral.cz\/wp-content\/plugins\/justified-image-grid\/timthumb.php?src=https%3A%2F%2Fwww.miroslavkukral.cz%2Fwp-content%2Fuploads%2F2024%2F10%2FVodovodovMiroslav_Kukral_01.jpg&amp;h=230&amp;q=90&amp;f=.jpg\" alt=\"Expozice vod\u00e1renstv\u00ed VODOVODOV\" width=\"345\" height=\"230\" \/><\/a><p class=\"jig-HTMLdescription\">Expozice vod\u00e1renstv\u00ed VODOVODOV<br\/>VodovodovMiroslav_Kukral_01<\/p><\/li><li><a href=\"https:\/\/www.miroslavkukral.cz\/en\/portfolio\/interaktivni-instalace-okna-biodiverzity\/\"><img loading=\"lazy\" decoding=\"async\" src=\"https:\/\/www.miroslavkukral.cz\/wp-content\/plugins\/justified-image-grid\/timthumb.php?src=https%3A%2F%2Fwww.miroslavkukral.cz%2Fwp-content%2Fuploads%2F2024%2F10%2FBiodiversity_interactive_installation_Kladno_Miroslav_Kukral_02_01-2140x1204.jpg&amp;h=230&amp;q=90&amp;f=.jpg\" alt=\"Interaktivn\u00ed instalace Okna biodiverzity\" width=\"408\" height=\"230\" \/><\/a><p class=\"jig-HTMLdescription\">Interaktivn\u00ed instalace Okna biodiverzity<br\/><\/p><\/li><li><a href=\"https:\/\/www.miroslavkukral.cz\/en\/portfolio\/mobiliar-festivalu-mfdf-ji-hlava-2019\/\"><img loading=\"lazy\" decoding=\"async\" src=\"https:\/\/www.miroslavkukral.cz\/wp-content\/plugins\/justified-image-grid\/timthumb.php?src=https%3A%2F%2Fwww.miroslavkukral.cz%2Fwp-content%2Fuploads%2F2024%2F10%2FMFDF_festival_Ji.hlava_Miroslav_Kukral_01_h-1.jpg&amp;h=230&amp;q=90&amp;f=.jpg\" alt=\"Mobili\u00e1\u0159 festivalu MFDF Ji.hlava 2019\" width=\"345\" height=\"230\" \/><\/a><p class=\"jig-HTMLdescription\">Mobili\u00e1\u0159 festivalu MFDF Ji.hlava 2019<br\/><\/p><\/li><li><a href=\"https:\/\/www.miroslavkukral.cz\/en\/portfolio\/jez-decin\/\"><img loading=\"lazy\" decoding=\"async\" src=\"https:\/\/www.miroslavkukral.cz\/wp-content\/plugins\/justified-image-grid\/timthumb.php?src=https%3A%2F%2Fwww.miroslavkukral.cz%2Fwp-content%2Fuploads%2F2024%2F10%2FPlavebni_stupen_Decin_Miroslav_Kukral_01-2140x984.jpg&amp;h=230&amp;q=90&amp;f=.jpg\" alt=\"Plavebn\u00ed stupe\u0148 D\u011b\u010d\u00edn\" width=\"500\" height=\"230\" \/><\/a><p class=\"jig-HTMLdescription\">Plavebn\u00ed stupe\u0148 D\u011b\u010d\u00edn<br\/><\/p><\/li><li><a href=\"https:\/\/www.miroslavkukral.cz\/en\/portfolio\/rekonstrukce-karbonskeho-pralesa\/\"><img loading=\"lazy\" decoding=\"async\" src=\"https:\/\/www.miroslavkukral.cz\/wp-content\/plugins\/justified-image-grid\/timthumb.php?src=https%3A%2F%2Fwww.miroslavkukral.cz%2Fwp-content%2Fuploads%2F2024%2F10%2FKarbonsky_prales_Miroslav_Kukral_01-2140x1192.jpg&amp;h=230&amp;q=90&amp;f=.jpg\" alt=\"Rekonstrukce karbonsk\u00e9ho pralesa\" width=\"412\" height=\"230\" \/><\/a><p class=\"jig-HTMLdescription\">Rekonstrukce karbonsk\u00e9ho pralesa<br\/><\/p><\/li><li><a href=\"https:\/\/www.miroslavkukral.cz\/en\/portfolio\/krizovatka-tri-mori-u-prerova-vodni-dilo-dunaj-odra-labe\/\"><img loading=\"lazy\" decoding=\"async\" src=\"https:\/\/www.miroslavkukral.cz\/wp-content\/plugins\/justified-image-grid\/timthumb.php?src=https%3A%2F%2Fwww.miroslavkukral.cz%2Fwp-content%2Fuploads%2F2024%2F10%2FDunaj-Odra-Labe_Miroslav_Kukral_01-2140x1168.jpg&amp;h=230&amp;q=90&amp;f=.jpg\" alt=\"K\u0159i\u017eovatka t\u0159\u00ed mo\u0159\u00ed, vodn\u00ed d\u00edlo Dunaj-Odra-Labe\" width=\"421\" height=\"230\" \/><\/a><p class=\"jig-HTMLdescription\">K\u0159i\u017eovatka t\u0159\u00ed mo\u0159\u00ed, vodn\u00ed d\u00edlo Dunaj-Odra-Labe<br\/><\/p><\/li><li><a href=\"https:\/\/www.miroslavkukral.cz\/en\/portfolio\/domov-senioru-v-litomysli\/\"><img loading=\"lazy\" decoding=\"async\" src=\"https:\/\/www.miroslavkukral.cz\/wp-content\/plugins\/justified-image-grid\/timthumb.php?src=https%3A%2F%2Fwww.miroslavkukral.cz%2Fwp-content%2Fuploads%2F2024%2F10%2FLitomysl_Miroslav_Kukral-2140x1147.jpg&amp;h=230&amp;q=90&amp;f=.jpg\" alt=\"Domov senior\u016f v Litomy\u0161li\" width=\"429\" height=\"230\" \/><\/a><p class=\"jig-HTMLdescription\">Domov senior\u016f v Litomy\u0161li<br\/><\/p><\/li><li><a href=\"https:\/\/www.miroslavkukral.cz\/en\/portfolio\/slovanska-epopej\/\"><img loading=\"lazy\" decoding=\"async\" src=\"https:\/\/www.miroslavkukral.cz\/wp-content\/plugins\/justified-image-grid\/timthumb.php?src=https%3A%2F%2Fwww.miroslavkukral.cz%2Fwp-content%2Fuploads%2F2024%2F10%2FSlovanska_epopej_Miroslav_Kukral_01-2140x1311.jpg&amp;h=230&amp;q=90&amp;f=.jpg\" alt=\"Muzeum Slovansk\u00e9 epopeje v Moravsk\u00e9m Krumlov\u011b\" width=\"375\" height=\"230\" \/><\/a><p class=\"jig-HTMLdescription\">Muzeum Slovansk\u00e9 epopeje v Moravsk\u00e9m Krumlov\u011b<br\/><\/p><\/li><li><a href=\"https:\/\/www.miroslavkukral.cz\/en\/portfolio\/mestske-lazne-u-koupadel\/\"><img loading=\"lazy\" decoding=\"async\" src=\"https:\/\/www.miroslavkukral.cz\/wp-content\/plugins\/justified-image-grid\/timthumb.php?src=https%3A%2F%2Fwww.miroslavkukral.cz%2Fwp-content%2Fuploads%2F2024%2F10%2FBoskovice_Miroslav_Kukral_01-2140x1070.jpg&amp;h=230&amp;q=90&amp;f=.jpg\" alt=\"M\u011bstsk\u00e9 l\u00e1zn\u011b U Koupadel\" width=\"460\" height=\"230\" \/><\/a><p class=\"jig-HTMLdescription\">M\u011bstsk\u00e9 l\u00e1zn\u011b U Koupadel<br\/><\/p><\/li><li><a href=\"https:\/\/www.miroslavkukral.cz\/en\/portfolio\/vystava-utroby-architektury-dum-umeni-mesta-brna\/\"><img loading=\"lazy\" decoding=\"async\" src=\"https:\/\/www.miroslavkukral.cz\/wp-content\/plugins\/justified-image-grid\/timthumb.php?src=https%3A%2F%2Fwww.miroslavkukral.cz%2Fwp-content%2Fuploads%2F2024%2F10%2FDutina_Miroslav_Kukral_01-2140x1513.jpg&amp;h=230&amp;q=90&amp;f=.jpg\" alt=\"V\u00fdstava \u00datroby architektury\" width=\"325\" height=\"230\" \/><\/a><p class=\"jig-HTMLdescription\">V\u00fdstava \u00datroby architektury<br\/><\/p><\/li><\/ul><\/noscript><\/div>\n<p>&nbsp;<\/p>\n<p><\/div><\/div><\/div><\/div><\/section><style>.ffb-id-2l68srma{ \npadding-top: 150px;\npadding-bottom: 50px;\n\n}\n@media (min-width:768px) { \n.ffb-id-2l68srma{ \npadding-top: 150px;\npadding-bottom: 50px;\n\n}\n}@media (min-width:992px) { \n.ffb-id-2l68srma{ \npadding-top: 150px;\npadding-bottom: 50px;\n\n}\n}@media (min-width:1200px) { \n.ffb-id-2l68srma{ \npadding-top: 150px;\npadding-bottom: 50px;\n\n}\n}.ffb-id-ppc0fh9{ padding-top: 60px;padding-bottom: 60px;}<\/style><script type=\"text\/javascript\"><\/script><\/p>","protected":false},"excerpt":{"rendered":"","protected":false},"author":1,"featured_media":723,"parent":0,"menu_order":0,"comment_status":"closed","ping_status":"closed","template":"","meta":{"_monsterinsights_skip_tracking":false,"_monsterinsights_sitenote_active":false,"_monsterinsights_sitenote_note":"","_monsterinsights_sitenote_category":0,"footnotes":""},"class_list":["post-487","page","type-page","status-publish","has-post-thumbnail","hentry","post-wrapper"],"_links":{"self":[{"href":"https:\/\/www.miroslavkukral.cz\/en\/wp-json\/wp\/v2\/pages\/487","targetHints":{"allow":["GET"]}}],"collection":[{"href":"https:\/\/www.miroslavkukral.cz\/en\/wp-json\/wp\/v2\/pages"}],"about":[{"href":"https:\/\/www.miroslavkukral.cz\/en\/wp-json\/wp\/v2\/types\/page"}],"author":[{"embeddable":true,"href":"https:\/\/www.miroslavkukral.cz\/en\/wp-json\/wp\/v2\/users\/1"}],"replies":[{"embeddable":true,"href":"https:\/\/www.miroslavkukral.cz\/en\/wp-json\/wp\/v2\/comments?post=487"}],"version-history":[{"count":7,"href":"https:\/\/www.miroslavkukral.cz\/en\/wp-json\/wp\/v2\/pages\/487\/revisions"}],"predecessor-version":[{"id":1656,"href":"https:\/\/www.miroslavkukral.cz\/en\/wp-json\/wp\/v2\/pages\/487\/revisions\/1656"}],"wp:featuredmedia":[{"embeddable":true,"href":"https:\/\/www.miroslavkukral.cz\/en\/wp-json\/wp\/v2\/media\/723"}],"wp:attachment":[{"href":"https:\/\/www.miroslavkukral.cz\/en\/wp-json\/wp\/v2\/media?parent=487"}],"curies":[{"name":"wp","href":"https:\/\/api.w.org\/{rel}","templated":true}]}}